{"id":973,"date":"2024-11-22T15:15:53","date_gmt":"2024-11-22T15:15:53","guid":{"rendered":"https:\/\/annadev.gironawebmarketing.com\/about-me\/"},"modified":"2026-01-08T11:54:13","modified_gmt":"2026-01-08T11:54:13","slug":"about-me","status":"publish","type":"page","link":"https:\/\/terricabrasadvocat.com\/en\/about-me\/","title":{"rendered":"About Me"},"content":{"rendered":"<p>[et_pb_section fb_built=&#8221;1&#8243; fullwidth=&#8221;on&#8221; _builder_version=&#8221;4.27.3&#8243; _module_preset=&#8221;default&#8221; global_colors_info=&#8221;{}&#8221;][et_pb_fullwidth_header text_orientation=&#8221;center&#8221; header_scroll_down=&#8221;off&#8221; background_overlay_color=&#8221;#4d4d4d&#8221; _builder_version=&#8221;4.27.3&#8243; _module_preset=&#8221;default&#8221; background_enable_color=&#8221;off&#8221; background_enable_image=&#8221;off&#8221; custom_padding=&#8221;0vw||0vw||true|false&#8221; global_colors_info=&#8221;{}&#8221;][\/et_pb_fullwidth_header][\/et_pb_section][et_pb_section fb_built=&#8221;1&#8243; admin_label=&#8221;Header&#8221; _builder_version=&#8221;4.20.0&#8243; _module_preset=&#8221;default&#8221; custom_padding=&#8221;||23px|||&#8221; locked=&#8221;off&#8221; collapsed=&#8221;off&#8221; global_colors_info=&#8221;{%22gcid-67960745-cc0c-4d73-b86b-ef2d6023be78%22:%91%22background_color%22%93}&#8221;][et_pb_row _builder_version=&#8221;4.27.3&#8243; _module_preset=&#8221;default&#8221; global_colors_info=&#8221;{}&#8221;][et_pb_column type=&#8221;4_4&#8243; _builder_version=&#8221;4.20.0&#8243; _module_preset=&#8221;default&#8221; global_colors_info=&#8221;{}&#8221;][et_pb_heading title=&#8221;Anna Terricabras Miarons&#8221; _builder_version=&#8221;4.27.3&#8243; _module_preset=&#8221;ddeb8c09-9078-4424-bc15-2efb6572e28e&#8221; custom_margin=&#8221;||-4px|||&#8221; global_colors_info=&#8221;{}&#8221;][\/et_pb_heading][et_pb_heading title=&#8221;Lawyer&#8221; _builder_version=&#8221;4.27.3&#8243; _module_preset=&#8221;51ed0ce0-cf99-49a9-8612-7d8893741b67&#8243; locked=&#8221;off&#8221; global_colors_info=&#8221;{}&#8221;][\/et_pb_heading][\/et_pb_column][\/et_pb_row][et_pb_row _builder_version=&#8221;4.20.0&#8243; _module_preset=&#8221;default&#8221; global_colors_info=&#8221;{}&#8221;][et_pb_column type=&#8221;4_4&#8243; _builder_version=&#8221;4.20.0&#8243; _module_preset=&#8221;default&#8221; global_colors_info=&#8221;{}&#8221;][et_pb_image src=&#8221;https:\/\/terricabrasadvocat.com\/wp-content\/uploads\/2025\/01\/AnnaTerricabras_sobre_mi.jpg&#8221; title_text=&#8221;AnnaTerricabras_sobre_mi&#8221; force_fullwidth=&#8221;on&#8221; _builder_version=&#8221;4.27.3&#8243; _module_preset=&#8221;default&#8221; custom_margin=&#8221;||0px||false|false&#8221; global_colors_info=&#8221;{}&#8221;][\/et_pb_image][\/et_pb_column][\/et_pb_row][et_pb_row _builder_version=&#8221;4.20.0&#8243; _module_preset=&#8221;default&#8221; global_colors_info=&#8221;{}&#8221;][et_pb_column type=&#8221;4_4&#8243; _builder_version=&#8221;4.20.0&#8243; _module_preset=&#8221;default&#8221; global_colors_info=&#8221;{}&#8221;][et_pb_heading title=&#8221;I have more than 10 years of experience in law firms such as Deloitte Abogados, BDO Abogados or Lizarbe, L\u00f3pez-S\u00e1nchez &amp; Valad\u00e9s Abogados and for the last 10 years I have been working for you from Barcelona, Girona and Roses.&#8221; _builder_version=&#8221;4.27.5&#8243; _module_preset=&#8221;3800fffe-852f-43cc-afd2-829b90e6d8c0&#8243; hover_enabled=&#8221;0&#8243; locked=&#8221;off&#8221; global_colors_info=&#8221;{}&#8221; title_level=&#8221;h3&#8243; sticky_enabled=&#8221;0&#8243;][\/et_pb_heading][\/et_pb_column][\/et_pb_row][et_pb_row column_structure=&#8221;3_5,2_5&#8243; _builder_version=&#8221;4.20.0&#8243; _module_preset=&#8221;default&#8221; global_colors_info=&#8221;{}&#8221;][et_pb_column type=&#8221;3_5&#8243; _builder_version=&#8221;4.20.0&#8243; _module_preset=&#8221;default&#8221; global_colors_info=&#8221;{}&#8221;][et_pb_text _builder_version=&#8221;4.27.3&#8243; _module_preset=&#8221;004f7fce-e47a-444c-bcdc-65a77689575d&#8221; text_orientation=&#8221;justified&#8221; global_colors_info=&#8221;{}&#8221;]<\/p>\n<p>I have dedicated my career to helping my clients navigate the complex legal world. My specialisation includes civil, commercial, international and corporate law, such as company secretariat, mergers and acquisitions, business restructuring processes and start-ups, as well as legal structures for different models of investment in companies (Private Equity, Capital Risc, Business Angels, etc.), Joint Ventures, Due Diligence and company acquisitions.) I have advised and continue to advise both companies and individuals and entrepreneurs in Spanish and cross-border transaction processes (Andorra, Europe, and Latin America). I also advise on the drafting and review of all types of contracts related to companies or individuals, as well as in civil, commercial and criminal economic and data protection legal proceedings. In recent years, I have also advised Crowd Funding (PFP) companies, as well as in regulatory law and new technologies (Smart-contracts, Blockchain and Tokenisation).<\/p>\n<p>I can attend you in Catalan, Spanish, English and German.<\/p>\n<p>&nbsp;<\/p>\n<p>[\/et_pb_text][et_pb_button button_url=&#8221;@ET-DC@eyJkeW5hbWljIjp0cnVlLCJjb250ZW50IjoicG9zdF9saW5rX3VybF9wYWdlIiwic2V0dGluZ3MiOnsicG9zdF9pZCI6IjE0NiJ9fQ==@&#8221; button_text=&#8221;SERVICES&#8221; _builder_version=&#8221;4.27.3&#8243; _dynamic_attributes=&#8221;button_url&#8221; _module_preset=&#8221;default&#8221; button_border_radius=&#8221;10px&#8221; global_colors_info=&#8221;{}&#8221;][\/et_pb_button][\/et_pb_column][et_pb_column type=&#8221;2_5&#8243; _builder_version=&#8221;4.20.0&#8243; _module_preset=&#8221;default&#8221; global_colors_info=&#8221;{}&#8221;][et_pb_image src=&#8221;https:\/\/terricabrasadvocat.com\/wp-content\/uploads\/2025\/01\/AnnaTerricabras_sobre_mi_2.jpg&#8221; title_text=&#8221;AnnaTerricabras_sobre_mi_2&#8243; _builder_version=&#8221;4.27.3&#8243; _module_preset=&#8221;8de2bcb1-1380-4725-8b58-4f7f53f396a2&#8243; global_colors_info=&#8221;{}&#8221; transform_styles__hover_enabled=&#8221;on|hover&#8221; transform_scale__hover=&#8221;98%|98%&#8221; transform_scale__hover_enabled=&#8221;on|hover&#8221; transform_translate__hover_enabled=&#8221;on|desktop&#8221; transform_rotate__hover_enabled=&#8221;on|desktop&#8221; transform_skew__hover_enabled=&#8221;on|desktop&#8221; transform_origin__hover_enabled=&#8221;on|desktop&#8221;][\/et_pb_image][\/et_pb_column][\/et_pb_row][\/et_pb_section][et_pb_section fb_built=&#8221;1&#8243; admin_label=&#8221;Services&#8221; _builder_version=&#8221;4.27.0&#8243; _module_preset=&#8221;default&#8221; custom_padding=&#8221;23px||45px|||&#8221; global_colors_info=&#8221;{}&#8221;][et_pb_row _builder_version=&#8221;4.27.0&#8243; _module_preset=&#8221;default&#8221; global_colors_info=&#8221;{}&#8221;][et_pb_column type=&#8221;4_4&#8243; _builder_version=&#8221;4.27.0&#8243; _module_preset=&#8221;default&#8221; global_colors_info=&#8221;{}&#8221;][et_pb_heading title=&#8221;Academic eduation and specialisations:&#8221; _builder_version=&#8221;4.27.3&#8243; _module_preset=&#8221;51ed0ce0-cf99-49a9-8612-7d8893741b67&#8243; hover_enabled=&#8221;0&#8243; global_colors_info=&#8221;{}&#8221; sticky_enabled=&#8221;0&#8243;][\/et_pb_heading][\/et_pb_column][\/et_pb_row][et_pb_row column_structure=&#8221;1_3,1_3,1_3&#8243; _builder_version=&#8221;4.27.0&#8243; _module_preset=&#8221;default&#8221; global_colors_info=&#8221;{}&#8221;][et_pb_column type=&#8221;1_3&#8243; _builder_version=&#8221;4.20.0&#8243; _module_preset=&#8221;default&#8221; global_colors_info=&#8221;{}&#8221;][et_pb_heading title=&#8221;November 2022 &#8221; _builder_version=&#8221;4.27.5&#8243; _module_preset=&#8221;527b54f5-14be-46bd-9b34-525e0b3d6fc7&#8243; title_text_color=&#8221;gcid-primary-color&#8221; hover_enabled=&#8221;0&#8243; locked=&#8221;off&#8221; global_colors_info=&#8221;{%22gcid-primary-color%22:%91%22title_text_color%22%93}&#8221; title_level=&#8221;h3&#8243; sticky_enabled=&#8221;0&#8243;][\/et_pb_heading][et_pb_heading title=&#8221;Specialisation Course in Arbitration (ICAB).&#8221; _builder_version=&#8221;4.27.5&#8243; _module_preset=&#8221;04a57943-91f7-4903-8de3-8c64bbfece2b&#8221; title_text_align=&#8221;justify&#8221; custom_margin=&#8221;||0px||false|false&#8221; hover_enabled=&#8221;0&#8243; locked=&#8221;off&#8221; global_colors_info=&#8221;{}&#8221; sticky_enabled=&#8221;0&#8243; title_level=&#8221;h4&#8243;][\/et_pb_heading][\/et_pb_column][et_pb_column type=&#8221;1_3&#8243; _builder_version=&#8221;4.20.0&#8243; _module_preset=&#8221;default&#8221; global_colors_info=&#8221;{}&#8221;][et_pb_heading title=&#8221;November 2015 &#8221; _builder_version=&#8221;4.27.3&#8243; _module_preset=&#8221;527b54f5-14be-46bd-9b34-525e0b3d6fc7&#8243; title_text_color=&#8221;gcid-primary-color&#8221; locked=&#8221;off&#8221; global_colors_info=&#8221;{%22gcid-primary-color%22:%91%22title_text_color%22,%22title_text_color%22%93}&#8221; title_level=&#8221;h3&#8243;][\/et_pb_heading][et_pb_heading title=&#8221;50-hour course on the Reform of the Criminal Code with regard to the criminal liability of legal entities (Barcelona Bar Association).&#8221; _builder_version=&#8221;4.27.3&#8243; _module_preset=&#8221;04a57943-91f7-4903-8de3-8c64bbfece2b&#8221; title_text_align=&#8221;justify&#8221; custom_margin=&#8221;||0px||false|false&#8221; locked=&#8221;off&#8221; global_colors_info=&#8221;{}&#8221; title_level=&#8221;h4&#8243;][\/et_pb_heading][\/et_pb_column][et_pb_column type=&#8221;1_3&#8243; _builder_version=&#8221;4.20.0&#8243; _module_preset=&#8221;default&#8221; global_colors_info=&#8221;{}&#8221;][et_pb_heading title=&#8221;April 2009 &#8221; _builder_version=&#8221;4.27.3&#8243; _module_preset=&#8221;527b54f5-14be-46bd-9b34-525e0b3d6fc7&#8243; title_text_color=&#8221;gcid-primary-color&#8221; locked=&#8221;off&#8221; global_colors_info=&#8221;{%22gcid-primary-color%22:%91%22title_text_color%22,%22title_text_color%22%93}&#8221; title_level=&#8221;h3&#8243;][\/et_pb_heading][et_pb_heading title=&#8221;50-hour professional seminar on Commercial Contracts (UOC and Barcelona Bar Association).&#8221; _builder_version=&#8221;4.27.3&#8243; _module_preset=&#8221;04a57943-91f7-4903-8de3-8c64bbfece2b&#8221; title_text_align=&#8221;justify&#8221; custom_margin=&#8221;||0px||false|false&#8221; locked=&#8221;off&#8221; global_colors_info=&#8221;{}&#8221; title_level=&#8221;h4&#8243;][\/et_pb_heading][\/et_pb_column][\/et_pb_row][et_pb_row column_structure=&#8221;1_3,1_3,1_3&#8243; _builder_version=&#8221;4.27.0&#8243; _module_preset=&#8221;default&#8221; global_colors_info=&#8221;{}&#8221;][et_pb_column type=&#8221;1_3&#8243; _builder_version=&#8221;4.20.0&#8243; _module_preset=&#8221;default&#8221; global_colors_info=&#8221;{}&#8221;][et_pb_heading title=&#8221;March &#8211; April 2009 &#8221; _builder_version=&#8221;4.27.3&#8243; _module_preset=&#8221;527b54f5-14be-46bd-9b34-525e0b3d6fc7&#8243; title_text_color=&#8221;gcid-primary-color&#8221; locked=&#8221;off&#8221; global_colors_info=&#8221;{%22gcid-primary-color%22:%91%22title_text_color%22,%22title_text_color%22%93}&#8221; title_level=&#8221;h3&#8243;][\/et_pb_heading][et_pb_heading title=&#8221;24-hour professional seminar on Company Law and Commercial Registry at ESADE (Universitat Ramon Llull).&#8221; _builder_version=&#8221;4.27.3&#8243; _module_preset=&#8221;04a57943-91f7-4903-8de3-8c64bbfece2b&#8221; title_text_align=&#8221;justify&#8221; custom_margin=&#8221;||0px||false|false&#8221; locked=&#8221;off&#8221; global_colors_info=&#8221;{}&#8221; title_level=&#8221;h4&#8243;][\/et_pb_heading][\/et_pb_column][et_pb_column type=&#8221;1_3&#8243; _builder_version=&#8221;4.20.0&#8243; _module_preset=&#8221;default&#8221; global_colors_info=&#8221;{}&#8221;][et_pb_heading title=&#8221;2004\/2006  &#8221; _builder_version=&#8221;4.27.3&#8243; _module_preset=&#8221;527b54f5-14be-46bd-9b34-525e0b3d6fc7&#8243; title_text_color=&#8221;gcid-primary-color&#8221; locked=&#8221;off&#8221; global_colors_info=&#8221;{%22gcid-primary-color%22:%91%22title_text_color%22,%22title_text_color%22%93}&#8221; title_level=&#8221;h3&#8243;][\/et_pb_heading][et_pb_heading title=&#8221;Master&#039;s Degree in Business Management and Administration at the Foundation of the Universitat Polit\u00e8cnica de Catalunya.&#8221; _builder_version=&#8221;4.27.3&#8243; _module_preset=&#8221;04a57943-91f7-4903-8de3-8c64bbfece2b&#8221; title_text_align=&#8221;justify&#8221; custom_margin=&#8221;||0px||false|false&#8221; locked=&#8221;off&#8221; global_colors_info=&#8221;{}&#8221; title_level=&#8221;h4&#8243;][\/et_pb_heading][\/et_pb_column][et_pb_column type=&#8221;1_3&#8243; _builder_version=&#8221;4.20.0&#8243; _module_preset=&#8221;default&#8221; global_colors_info=&#8221;{}&#8221;][et_pb_heading title=&#8221;2002\/2003  &#8221; _builder_version=&#8221;4.27.3&#8243; _module_preset=&#8221;527b54f5-14be-46bd-9b34-525e0b3d6fc7&#8243; title_text_color=&#8221;gcid-primary-color&#8221; locked=&#8221;off&#8221; global_colors_info=&#8221;{%22gcid-primary-color%22:%91%22title_text_color%22,%22title_text_color%22%93}&#8221; title_level=&#8221;h3&#8243;][\/et_pb_heading][et_pb_heading title=&#8221;Erasmus Scholarship at the Ruprecht Karl University of Heidelberg (Germany).&#8221; _builder_version=&#8221;4.27.3&#8243; _module_preset=&#8221;04a57943-91f7-4903-8de3-8c64bbfece2b&#8221; title_text_align=&#8221;justify&#8221; custom_margin=&#8221;||0px||false|false&#8221; locked=&#8221;off&#8221; global_colors_info=&#8221;{}&#8221; title_level=&#8221;h4&#8243;][\/et_pb_heading][\/et_pb_column][\/et_pb_row][et_pb_row column_structure=&#8221;1_3,1_3,1_3&#8243; _builder_version=&#8221;4.27.0&#8243; _module_preset=&#8221;default&#8221; global_colors_info=&#8221;{}&#8221;][et_pb_column type=&#8221;1_3&#8243; _builder_version=&#8221;4.20.0&#8243; _module_preset=&#8221;default&#8221; global_colors_info=&#8221;{}&#8221;][et_pb_heading title=&#8221;1999\/2004&#8243; _builder_version=&#8221;4.27.3&#8243; _module_preset=&#8221;527b54f5-14be-46bd-9b34-525e0b3d6fc7&#8243; title_text_color=&#8221;gcid-primary-color&#8221; locked=&#8221;off&#8221; global_colors_info=&#8221;{%22gcid-primary-color%22:%91%22title_text_color%22,%22title_text_color%22%93}&#8221; title_level=&#8221;h3&#8243;][\/et_pb_heading][et_pb_heading title=&#8221;Law Degree at the Universitat Aut\u00f3noma de Barcelona.&#8221; _builder_version=&#8221;4.27.3&#8243; _module_preset=&#8221;04a57943-91f7-4903-8de3-8c64bbfece2b&#8221; title_text_align=&#8221;justify&#8221; custom_margin=&#8221;||0px||false|false&#8221; locked=&#8221;off&#8221; global_colors_info=&#8221;{}&#8221; title_level=&#8221;h4&#8243;][\/et_pb_heading][\/et_pb_column][et_pb_column type=&#8221;1_3&#8243; _builder_version=&#8221;4.20.0&#8243; _module_preset=&#8221;default&#8221; global_colors_info=&#8221;{}&#8221;][\/et_pb_column][et_pb_column type=&#8221;1_3&#8243; _builder_version=&#8221;4.20.0&#8243; _module_preset=&#8221;default&#8221; global_colors_info=&#8221;{}&#8221;][\/et_pb_column][\/et_pb_row][\/et_pb_section][et_pb_section fb_built=&#8221;1&#8243; admin_label=&#8221;Footer &#8211; CTA&#8221; _builder_version=&#8221;4.27.5&#8243; _module_preset=&#8221;default&#8221; use_background_color_gradient=&#8221;on&#8221; background_color_gradient_stops=&#8221;rgba(255,255,255,0) 50%|gcid-0eab7250-4fdd-4844-910e-4c3bd4e4f2ac 50%&#8221; custom_padding=&#8221;41px||10px||false|false&#8221; global_module=&#8221;406&#8243; saved_tabs=&#8221;all&#8221; locked=&#8221;off&#8221; collapsed=&#8221;on&#8221; global_colors_info=&#8221;{%22gcid-67960745-cc0c-4d73-b86b-ef2d6023be78%22:%91%22background_color%22%93}&#8221;][et_pb_row _builder_version=&#8221;4.27.3&#8243; _module_preset=&#8221;259680e9-56f8-40a6-acdb-3571f2d27eb2&#8243; background_image=&#8221;https:\/\/terricabrasadvocat.com\/wp-content\/uploads\/2024\/11\/AnnaTerricabras_1-33_1600x1066.jpg&#8221; parallax=&#8221;on&#8221; custom_padding=&#8221;4vw|60px|4vw|60px|true|true&#8221; border_radii=&#8221;on|10px|10px|10px|10px&#8221; global_colors_info=&#8221;{}&#8221;][et_pb_column type=&#8221;4_4&#8243; _builder_version=&#8221;4.20.0&#8243; _module_preset=&#8221;default&#8221; global_colors_info=&#8221;{}&#8221;][et_pb_heading title=&#8221;Do you need legal advice?&#8221; _builder_version=&#8221;4.27.3&#8243; _module_preset=&#8221;51ed0ce0-cf99-49a9-8612-7d8893741b67&#8243; title_level=&#8221;h3&#8243; title_text_align=&#8221;center&#8221; title_text_color=&#8221;#FFFFFF&#8221; title_font_size=&#8221;50px&#8221; global_colors_info=&#8221;{}&#8221;][\/et_pb_heading][et_pb_button button_url=&#8221;@ET-DC@eyJkeW5hbWljIjp0cnVlLCJjb250ZW50IjoicG9zdF9saW5rX3VybF9wYWdlIiwic2V0dGluZ3MiOnsicG9zdF9pZCI6IjE0MiJ9fQ==@&#8221; button_text=&#8221;Contact&#8221; button_alignment=&#8221;center&#8221; _builder_version=&#8221;4.27.3&#8243; _dynamic_attributes=&#8221;button_url&#8221; _module_preset=&#8221;d22367c6-d397-4295-99e1-353d01bd1e31&#8243; button_border_radius=&#8221;10px&#8221; global_colors_info=&#8221;{}&#8221;][\/et_pb_button][\/et_pb_column][\/et_pb_row][\/et_pb_section]<\/p>\n","protected":false},"excerpt":{"rendered":"<p>I have dedicated my career to helping my clients navigate the complex legal world. My specialisation includes civil, commercial, international and corporate law, such as company secretariat, mergers and acquisitions, business restructuring processes and start-ups, as well as legal structures for different models of investment in companies (Private Equity, Capital Risc, Business Angels, etc.), Joint [&hellip;]<\/p>\n","protected":false},"author":1,"featured_media":0,"parent":0,"menu_order":0,"comment_status":"closed","ping_status":"closed","template":"","meta":{"_et_pb_use_builder":"on","_et_pb_old_content":"","_et_gb_content_width":"","footnotes":""},"class_list":["post-973","page","type-page","status-publish","hentry"],"_links":{"self":[{"href":"https:\/\/terricabrasadvocat.com\/en\/wp-json\/wp\/v2\/pages\/973","targetHints":{"allow":["GET"]}}],"collection":[{"href":"https:\/\/terricabrasadvocat.com\/en\/wp-json\/wp\/v2\/pages"}],"about":[{"href":"https:\/\/terricabrasadvocat.com\/en\/wp-json\/wp\/v2\/types\/page"}],"author":[{"embeddable":true,"href":"https:\/\/terricabrasadvocat.com\/en\/wp-json\/wp\/v2\/users\/1"}],"replies":[{"embeddable":true,"href":"https:\/\/terricabrasadvocat.com\/en\/wp-json\/wp\/v2\/comments?post=973"}],"version-history":[{"count":6,"href":"https:\/\/terricabrasadvocat.com\/en\/wp-json\/wp\/v2\/pages\/973\/revisions"}],"predecessor-version":[{"id":1582,"href":"https:\/\/terricabrasadvocat.com\/en\/wp-json\/wp\/v2\/pages\/973\/revisions\/1582"}],"wp:attachment":[{"href":"https:\/\/terricabrasadvocat.com\/en\/wp-json\/wp\/v2\/media?parent=973"}],"curies":[{"name":"wp","href":"https:\/\/api.w.org\/{rel}","templated":true}]}}