{"id":945,"date":"2024-11-22T15:15:53","date_gmt":"2024-11-22T15:15:53","guid":{"rendered":"https:\/\/annadev.gironawebmarketing.com\/serveis\/"},"modified":"2026-01-08T11:50:31","modified_gmt":"2026-01-08T11:50:31","slug":"serveis","status":"publish","type":"page","link":"https:\/\/terricabrasadvocat.com\/ca\/serveis\/","title":{"rendered":"Serveis"},"content":{"rendered":"<p>[et_pb_section fb_built=&#8221;1&#8243; fullwidth=&#8221;on&#8221; _builder_version=&#8221;4.27.3&#8243; _module_preset=&#8221;default&#8221; global_colors_info=&#8221;{}&#8221;][et_pb_fullwidth_header text_orientation=&#8221;center&#8221; header_scroll_down=&#8221;off&#8221; background_overlay_color=&#8221;#4d4d4d&#8221; _builder_version=&#8221;4.27.3&#8243; _module_preset=&#8221;default&#8221; background_enable_color=&#8221;off&#8221; background_enable_image=&#8221;off&#8221; custom_padding=&#8221;0vw||0vw||true|false&#8221; global_colors_info=&#8221;{}&#8221;][\/et_pb_fullwidth_header][\/et_pb_section][et_pb_section fb_built=&#8221;1&#8243; admin_label=&#8221;Header&#8221; _builder_version=&#8221;4.20.0&#8243; _module_preset=&#8221;default&#8221; custom_padding=&#8221;||54px|||&#8221; locked=&#8221;off&#8221; collapsed=&#8221;off&#8221; global_colors_info=&#8221;{%22gcid-67960745-cc0c-4d73-b86b-ef2d6023be78%22:%91%22background_color%22%93}&#8221;][et_pb_row _builder_version=&#8221;4.27.0&#8243; _module_preset=&#8221;_initial&#8221; global_colors_info=&#8221;{}&#8221;][et_pb_column type=&#8221;4_4&#8243; _builder_version=&#8221;4.20.0&#8243; _module_preset=&#8221;default&#8221; global_colors_info=&#8221;{}&#8221;][et_pb_heading title=&#8221;Serveis&#8221; _builder_version=&#8221;4.27.3&#8243; _module_preset=&#8221;7cde02b0-170a-4bac-9760-f93835417762&#8243; title_font_size=&#8221;60px&#8221; global_colors_info=&#8221;{}&#8221;][\/et_pb_heading][\/et_pb_column][\/et_pb_row][et_pb_row _builder_version=&#8221;4.27.0&#8243; _module_preset=&#8221;_initial&#8221; global_colors_info=&#8221;{}&#8221;][et_pb_column type=&#8221;4_4&#8243; _builder_version=&#8221;4.20.0&#8243; _module_preset=&#8221;default&#8221; global_colors_info=&#8221;{}&#8221;][et_pb_image src=&#8221;https:\/\/terricabrasadvocat.com\/wp-content\/uploads\/2025\/01\/AnnaTerricabras_servicios-2.jpg&#8221; alt=&#8221;AnnaTerricabres_serveis&#8221; title_text=&#8221;AnnaTerricabras_servicios-2&#8243; _builder_version=&#8221;4.27.3&#8243; _module_preset=&#8221;default&#8221; global_colors_info=&#8221;{}&#8221;][\/et_pb_image][\/et_pb_column][\/et_pb_row][et_pb_row column_structure=&#8221;3_5,2_5&#8243; _builder_version=&#8221;4.27.3&#8243; _module_preset=&#8221;default&#8221; global_colors_info=&#8221;{}&#8221;][et_pb_column type=&#8221;3_5&#8243; _builder_version=&#8221;4.27.3&#8243; _module_preset=&#8221;default&#8221; global_colors_info=&#8221;{}&#8221;][et_pb_text _builder_version=&#8221;4.27.3&#8243; _module_preset=&#8221;004f7fce-e47a-444c-bcdc-65a77689575d&#8221; locked=&#8221;off&#8221; global_colors_info=&#8221;{}&#8221;]<\/p>\n<p>El meu enfocament es basa en l&#8217;empatia i la comunicaci\u00f3. Entenc que darrere de cada negoci i cada empresa hi ha persones i que cada situaci\u00f3 legal \u00e9s \u00fanica i, per aix\u00f2, m&#8217;esfor\u00e7o per con\u00e8ixer a fons les circumst\u00e0ncies dels meus clients per oferir un assessorament adaptat a les seves necessitats. La confian\u00e7a i la transpar\u00e8ncia s\u00f3n pilars a la meva pr\u00e0ctica, i sempre m&#8217;asseguro que els meus clients estiguin informats i c\u00f2modes en cada pas del proc\u00e9s.  <\/p>\n<p>[\/et_pb_text][et_pb_text _builder_version=&#8221;4.27.3&#8243; _module_preset=&#8221;004f7fce-e47a-444c-bcdc-65a77689575d&#8221; locked=&#8221;off&#8221; global_colors_info=&#8221;{}&#8221;]<\/p>\n<p>Estic aqu\u00ed per defensar els teus drets i protegir els teus interessos. Si cerques una advocada compromesa i dedicada, no dubtis en contactar-me. Estic llesta per acompanyar-te en cada etapa del teu cam\u00ed legal.  <\/p>\n<p>[\/et_pb_text][\/et_pb_column][et_pb_column type=&#8221;2_5&#8243; _builder_version=&#8221;4.27.3&#8243; _module_preset=&#8221;default&#8221; global_colors_info=&#8221;{}&#8221;][et_pb_heading title=&#8221;\u00c0rees de pr\u00e0ctica&#8221; _builder_version=&#8221;4.27.5&#8243; _module_preset=&#8221;3800fffe-852f-43cc-afd2-829b90e6d8c0&#8243; custom_margin=&#8221;||10px||false|false&#8221; hover_enabled=&#8221;0&#8243; global_colors_info=&#8221;{}&#8221; title_level=&#8221;h2&#8243; sticky_enabled=&#8221;0&#8243;][\/et_pb_heading][et_pb_blurb use_icon=&#8221;on&#8221; font_icon=&#8221;&#x45;||divi||400&#8243; image_icon_width=&#8221;27px&#8221; _builder_version=&#8221;4.27.3&#8243; _module_preset=&#8221;default&#8221; custom_margin=&#8221;||8px|||&#8221; global_colors_info=&#8221;{}&#8221;]<\/p>\n<p>Dret mercantil i societari<\/p>\n<p>[\/et_pb_blurb][et_pb_blurb use_icon=&#8221;on&#8221; font_icon=&#8221;&#x45;||divi||400&#8243; image_icon_width=&#8221;27px&#8221; _builder_version=&#8221;4.27.3&#8243; _module_preset=&#8221;default&#8221; custom_margin=&#8221;||8px|||&#8221; global_colors_info=&#8221;{}&#8221;]<\/p>\n<p>Dret civil  <\/p>\n<p>[\/et_pb_blurb][et_pb_blurb use_icon=&#8221;on&#8221; font_icon=&#8221;&#x45;||divi||400&#8243; image_icon_width=&#8221;27px&#8221; _builder_version=&#8221;4.27.3&#8243; _module_preset=&#8221;default&#8221; custom_margin=&#8221;||8px|||&#8221; global_colors_info=&#8221;{}&#8221;]<\/p>\n<p>Drets penal econ\u00f2mic<\/p>\n<p>[\/et_pb_blurb][et_pb_blurb use_icon=&#8221;on&#8221; font_icon=&#8221;&#x45;||divi||400&#8243; image_icon_width=&#8221;27px&#8221; _builder_version=&#8221;4.27.3&#8243; _module_preset=&#8221;default&#8221; custom_margin=&#8221;||8px|||&#8221; global_colors_info=&#8221;{}&#8221;]<\/p>\n<p>Dret de les noves tecnologies i regulatori<\/p>\n<p>[\/et_pb_blurb][et_pb_blurb use_icon=&#8221;on&#8221; font_icon=&#8221;&#x45;||divi||400&#8243; image_icon_width=&#8221;27px&#8221; _builder_version=&#8221;4.27.3&#8243; _module_preset=&#8221;default&#8221; custom_margin=&#8221;||8px|||&#8221; global_colors_info=&#8221;{}&#8221;]<\/p>\n<p>Dret internacional  <\/p>\n<p>[\/et_pb_blurb][\/et_pb_column][\/et_pb_row][\/et_pb_section][et_pb_section fb_built=&#8221;1&#8243; admin_label=&#8221;About&#8221; _builder_version=&#8221;4.27.0&#8243; _module_preset=&#8221;default&#8221; background_color=&#8221;#FFFFFF&#8221; overflow-x=&#8221;hidden&#8221; overflow-y=&#8221;hidden&#8221; locked=&#8221;off&#8221; collapsed=&#8221;on&#8221; global_colors_info=&#8221;{}&#8221;][et_pb_row column_structure=&#8221;1_2,1_2&#8243; _builder_version=&#8221;4.27.0&#8243; _module_preset=&#8221;default&#8221; global_colors_info=&#8221;{}&#8221;][et_pb_column type=&#8221;1_2&#8243; _builder_version=&#8221;4.20.0&#8243; _module_preset=&#8221;default&#8221; global_colors_info=&#8221;{}&#8221;][et_pb_heading title=&#8221;Col\u00b7laboracions&#8221; _builder_version=&#8221;4.27.3&#8243; _module_preset=&#8221;c33f07d9-41e0-421a-8799-5799df695cce&#8221; title_font_size=&#8221;48px&#8221; global_colors_info=&#8221;{}&#8221;][\/et_pb_heading][et_pb_text _builder_version=&#8221;4.27.3&#8243; _module_preset=&#8221;004f7fce-e47a-444c-bcdc-65a77689575d&#8221; locked=&#8221;off&#8221; global_colors_info=&#8221;{}&#8221;]<\/p>\n<p>Amb la finalitat de poder donar un assessorament transversal, col\u00b7laboro amb altres professionals segons les necessitats del client i del cas concret, com ara drets fiscal, dret laboral, dret urban\u00edstic, dret d&#8217;estrangeria, etc.<\/p>\n<p>Pots consultar diferents col\u00b7laboracions als seg\u00fcents enlla\u00e7os: <\/p>\n<p>[\/et_pb_text][et_pb_text _builder_version=&#8221;4.27.3&#8243; _module_preset=&#8221;004f7fce-e47a-444c-bcdc-65a77689575d&#8221; locked=&#8221;off&#8221; global_colors_info=&#8221;{}&#8221;]<\/p>\n<p><strong><a href=\"https:\/\/ecnadvocats.com\/advocats-a-girona\/\">ECN ADVOCATS<\/a><\/strong><\/p>\n<p><strong><a href=\"https:\/\/mayansabogados.com\/nuestro-equipo\/\">MAYANS ADVOCATS<\/a><\/strong><\/p>\n<p>[\/et_pb_text][et_pb_button button_text=&#8221;Contactar&#8221; _builder_version=&#8221;4.27.3&#8243; _module_preset=&#8221;default&#8221; button_border_radius=&#8221;10px&#8221; global_colors_info=&#8221;{}&#8221;][\/et_pb_button][\/et_pb_column][et_pb_column type=&#8221;1_2&#8243; _builder_version=&#8221;4.20.0&#8243; _module_preset=&#8221;default&#8221; global_colors_info=&#8221;{}&#8221;][et_pb_image src=&#8221;https:\/\/terricabrasadvocat.com\/wp-content\/uploads\/2024\/11\/AnnaTerricabras_1-31_1600x1066.jpg&#8221; title_text=&#8221;AnnaTerricabras_1 (31)_1600x1066&#8243; _builder_version=&#8221;4.27.3&#8243; _module_preset=&#8221;default&#8221; box_shadow_style=&#8221;preset4&#8243; box_shadow_horizontal=&#8221;16vw&#8221; box_shadow_vertical=&#8221;12vw&#8221; box_shadow_color=&#8221;gcid-67960745-cc0c-4d73-b86b-ef2d6023be78&#8243; global_colors_info=&#8221;{%22gcid-67960745-cc0c-4d73-b86b-ef2d6023be78%22:%91%22box_shadow_color%22%93}&#8221;][\/et_pb_image][\/et_pb_column][\/et_pb_row][\/et_pb_section][et_pb_section fb_built=&#8221;1&#8243; admin_label=&#8221;Header&#8221; _builder_version=&#8221;4.20.0&#8243; _module_preset=&#8221;default&#8221; custom_padding=&#8221;||35px|||&#8221; locked=&#8221;off&#8221; collapsed=&#8221;off&#8221; global_colors_info=&#8221;{%22gcid-67960745-cc0c-4d73-b86b-ef2d6023be78%22:%91%22background_color%22%93}&#8221;][et_pb_row _builder_version=&#8221;4.27.3&#8243; _module_preset=&#8221;default&#8221; custom_padding=&#8221;||33px|||&#8221; global_colors_info=&#8221;{}&#8221;][et_pb_column type=&#8221;4_4&#8243; _builder_version=&#8221;4.27.3&#8243; _module_preset=&#8221;default&#8221; global_colors_info=&#8221;{}&#8221;][et_pb_heading title=&#8221;Assessorament legal&#8221; _builder_version=&#8221;4.27.3&#8243; _module_preset=&#8221;c33f07d9-41e0-421a-8799-5799df695cce&#8221; title_level=&#8221;h3&#8243; title_font_size=&#8221;48px&#8221; global_colors_info=&#8221;{}&#8221;][\/et_pb_heading][\/et_pb_column][\/et_pb_row][et_pb_row column_structure=&#8221;1_2,1_2&#8243; _builder_version=&#8221;4.27.3&#8243; _module_preset=&#8221;default&#8221; global_colors_info=&#8221;{}&#8221;][et_pb_column type=&#8221;1_2&#8243; _builder_version=&#8221;4.27.0&#8243; _module_preset=&#8221;default&#8221; global_colors_info=&#8221;{}&#8221;][et_pb_text _builder_version=&#8221;4.27.3&#8243; _module_preset=&#8221;004f7fce-e47a-444c-bcdc-65a77689575d&#8221; locked=&#8221;off&#8221; global_colors_info=&#8221;{}&#8221;]<\/p>\n<p>Informaci\u00f3 sobre l&#8217;assessorament en l\u00ednea o presencial.<\/p>\n<p>Entenc la import\u00e0ncia de la flexibilitat i l&#8217;accessibilitat al m\u00f3n actual. Per aix\u00f2, ofereixo els meus serveis tant de manera presencial com telem\u00e0tica, adaptant-nos a les teves necessitats i prefer\u00e8ncies. <\/p>\n<p>[\/et_pb_text][\/et_pb_column][et_pb_column type=&#8221;1_2&#8243; _builder_version=&#8221;4.27.0&#8243; _module_preset=&#8221;default&#8221; global_colors_info=&#8221;{}&#8221;][et_pb_text _builder_version=&#8221;4.27.3&#8243; _module_preset=&#8221;004f7fce-e47a-444c-bcdc-65a77689575d&#8221; locked=&#8221;off&#8221; global_colors_info=&#8221;{}&#8221;]<\/p>\n<p>Si prefereixes una atenci\u00f3 directa i personal al despatx o la comoditat de realitzar les teves consultes des de qualsevol lloc, estic aqu\u00ed per brindar-te el millor servei possible.<\/p>\n<p>Posa&#8217;t en contacte per tel\u00e8fon, email o b\u00e9 a trav\u00e9s del formulari de contacte d&#8217;aquesta web per a m\u00e9s informaci\u00f3 i descobreix com et puc ajudar, ja sigui en persona o en l\u00ednia.<\/p>\n<p>[\/et_pb_text][\/et_pb_column][\/et_pb_row][\/et_pb_section][et_pb_section fb_built=&#8221;1&#8243; admin_label=&#8221;Footer \u2013 CTA&#8221; _builder_version=&#8221;4.27.5&#8243; _module_preset=&#8221;default&#8221; use_background_color_gradient=&#8221;on&#8221; background_color_gradient_stops=&#8221;rgba(255,255,255,0) 50%|gcid-0eab7250-4fdd-4844-910e-4c3bd4e4f2ac 50%&#8221; custom_padding=&#8221;41px||10px||false|false&#8221; global_module=&#8221;406&#8243; saved_tabs=&#8221;all&#8221; locked=&#8221;off&#8221; collapsed=&#8221;on&#8221; global_colors_info=&#8221;{%22gcid-67960745-cc0c-4d73-b86b-ef2d6023be78%22:%91%22background_color%22%93}&#8221;][et_pb_row _builder_version=&#8221;4.27.3&#8243; _module_preset=&#8221;259680e9-56f8-40a6-acdb-3571f2d27eb2&#8243; background_image=&#8221;https:\/\/terricabrasadvocat.com\/wp-content\/uploads\/2024\/11\/AnnaTerricabras_1-33_1600x1066.jpg&#8221; parallax=&#8221;on&#8221; custom_padding=&#8221;4vw|60px|4vw|60px|true|true&#8221; border_radii=&#8221;on|10px|10px|10px|10px&#8221; global_colors_info=&#8221;{}&#8221;][et_pb_column type=&#8221;4_4&#8243; _builder_version=&#8221;4.20.0&#8243; _module_preset=&#8221;default&#8221; global_colors_info=&#8221;{}&#8221;][et_pb_heading title=&#8221;Necessites assessorament legal?&#8221; _builder_version=&#8221;4.27.3&#8243; _module_preset=&#8221;51ed0ce0-cf99-49a9-8612-7d8893741b67&#8243; title_level=&#8221;h3&#8243; title_text_align=&#8221;center&#8221; title_text_color=&#8221;#FFFFFF&#8221; title_font_size=&#8221;50px&#8221; global_colors_info=&#8221;{}&#8221;][\/et_pb_heading][et_pb_button button_url=&#8221;@ET-DC@eyJkeW5hbWljIjp0cnVlLCJjb250ZW50IjoicG9zdF9saW5rX3VybF9wYWdlIiwic2V0dGluZ3MiOnsicG9zdF9pZCI6IjE0MiJ9fQ==@&#8221; button_text=&#8221;Contactar&#8221; button_alignment=&#8221;center&#8221; _builder_version=&#8221;4.27.3&#8243; _dynamic_attributes=&#8221;button_url&#8221; _module_preset=&#8221;d22367c6-d397-4295-99e1-353d01bd1e31&#8243; button_border_radius=&#8221;10px&#8221; global_colors_info=&#8221;{}&#8221;][\/et_pb_button][\/et_pb_column][\/et_pb_row][\/et_pb_section]<\/p>\n","protected":false},"excerpt":{"rendered":"<p>El meu enfocament es basa en l&#8217;empatia i la comunicaci\u00f3. Entenc que darrere de cada negoci i cada empresa hi ha persones i que cada situaci\u00f3 legal \u00e9s \u00fanica i, per aix\u00f2, m&#8217;esfor\u00e7o per con\u00e8ixer a fons les circumst\u00e0ncies dels meus clients per oferir un assessorament adaptat a les seves necessitats. La confian\u00e7a i la [&hellip;]<\/p>\n","protected":false},"author":1,"featured_media":0,"parent":0,"menu_order":0,"comment_status":"closed","ping_status":"closed","template":"","meta":{"_et_pb_use_builder":"on","_et_pb_old_content":"","_et_gb_content_width":"","footnotes":""},"class_list":["post-945","page","type-page","status-publish","hentry"],"_links":{"self":[{"href":"https:\/\/terricabrasadvocat.com\/ca\/wp-json\/wp\/v2\/pages\/945","targetHints":{"allow":["GET"]}}],"collection":[{"href":"https:\/\/terricabrasadvocat.com\/ca\/wp-json\/wp\/v2\/pages"}],"about":[{"href":"https:\/\/terricabrasadvocat.com\/ca\/wp-json\/wp\/v2\/types\/page"}],"author":[{"embeddable":true,"href":"https:\/\/terricabrasadvocat.com\/ca\/wp-json\/wp\/v2\/users\/1"}],"replies":[{"embeddable":true,"href":"https:\/\/terricabrasadvocat.com\/ca\/wp-json\/wp\/v2\/comments?post=945"}],"version-history":[{"count":10,"href":"https:\/\/terricabrasadvocat.com\/ca\/wp-json\/wp\/v2\/pages\/945\/revisions"}],"predecessor-version":[{"id":1576,"href":"https:\/\/terricabrasadvocat.com\/ca\/wp-json\/wp\/v2\/pages\/945\/revisions\/1576"}],"wp:attachment":[{"href":"https:\/\/terricabrasadvocat.com\/ca\/wp-json\/wp\/v2\/media?parent=945"}],"curies":[{"name":"wp","href":"https:\/\/api.w.org\/{rel}","templated":true}]}}