{"id":940,"date":"2025-01-15T16:55:30","date_gmt":"2025-01-15T16:55:30","guid":{"rendered":"https:\/\/annadev.gironawebmarketing.com\/politica-de-cookies\/"},"modified":"2025-02-13T09:49:52","modified_gmt":"2025-02-13T09:49:52","slug":"politica-de-cookies","status":"publish","type":"page","link":"https:\/\/terricabrasadvocat.com\/ca\/politica-de-cookies\/","title":{"rendered":"Pol\u00edtica de Cookies"},"content":{"rendered":"<p>[et_pb_section fb_built=&#8221;1&#8243; fullwidth=&#8221;on&#8221; _builder_version=&#8221;4.27.3&#8243; _module_preset=&#8221;default&#8221; global_colors_info=&#8221;{}&#8221;][et_pb_fullwidth_header text_orientation=&#8221;center&#8221; header_scroll_down=&#8221;off&#8221; background_overlay_color=&#8221;#4d4d4d&#8221; _builder_version=&#8221;4.27.3&#8243; _module_preset=&#8221;default&#8221; background_enable_color=&#8221;off&#8221; background_enable_image=&#8221;off&#8221; custom_padding=&#8221;0vw||0vw||true|false&#8221; global_colors_info=&#8221;{}&#8221;][\/et_pb_fullwidth_header][\/et_pb_section][et_pb_section fb_built=&#8221;1&#8243; admin_label=&#8221;Contact&#8221; _builder_version=&#8221;4.20.0&#8243; _module_preset=&#8221;default&#8221; collapsed=&#8221;off&#8221; global_colors_info=&#8221;{%22gcid-67960745-cc0c-4d73-b86b-ef2d6023be78%22:%91%22background_color%22%93}&#8221;][et_pb_row make_equal=&#8221;on&#8221; _builder_version=&#8221;4.27.0&#8243; _module_preset=&#8221;default&#8221; custom_margin=&#8221;||0px||false|false&#8221; global_colors_info=&#8221;{}&#8221;][et_pb_column type=&#8221;4_4&#8243; _builder_version=&#8221;4.20.0&#8243; _module_preset=&#8221;default&#8221; global_colors_info=&#8221;{}&#8221;][et_pb_heading title=&#8221;Pol\u00edtica de Cookies&#8221; _builder_version=&#8221;4.27.3&#8243; _module_preset=&#8221;ddeb8c09-9078-4424-bc15-2efb6572e28e&#8221; hover_enabled=&#8221;0&#8243; global_colors_info=&#8221;{}&#8221; title__hover_enabled=&#8221;on|desktop&#8221; title__hover=&#8221;Pol\u00edtica de Privacidad&#8221; sticky_enabled=&#8221;0&#8243;][\/et_pb_heading][\/et_pb_column][\/et_pb_row][et_pb_row make_equal=&#8221;on&#8221; _builder_version=&#8221;4.27.3&#8243; _module_preset=&#8221;default&#8221; custom_margin=&#8221;||0px||false|false&#8221; global_colors_info=&#8221;{}&#8221;][et_pb_column type=&#8221;4_4&#8243; _builder_version=&#8221;4.27.3&#8243; _module_preset=&#8221;default&#8221; global_colors_info=&#8221;{}&#8221;][et_pb_text _builder_version=&#8221;4.27.3&#8243; _module_preset=&#8221;004f7fce-e47a-444c-bcdc-65a77689575d&#8221; text_orientation=&#8221;justified&#8221; hover_enabled=&#8221;0&#8243; locked=&#8221;off&#8221; global_colors_info=&#8221;{}&#8221; sticky_enabled=&#8221;0&#8243;]<\/p>\n<h4>Darrera actualitzaci\u00f3: Octubre 2024<\/h4>\n<p>A Terricabras Advocat, utilitzem cookies per millorar la teva experi\u00e8ncia a la nostra p\u00e0gina web https:\/\/terricabrasadvocat.com\/. Aquesta pol\u00edtica de galetes explica qu\u00e8 s\u00f3n les galetes, com les utilitzem i com les pots gestionar.<\/p>\n<h3>1. Qu\u00e8 s\u00f3n les galetes?<\/h3>\n<p>Les cookies s\u00f3n petits arxius de text que s&#8217;emmagatzemen al dispositiu (ordinador, m\u00f2bil, tablet) quan visites una p\u00e0gina web. Aquestes galetes permeten a la p\u00e0gina recon\u00e8ixer el teu dispositiu i recordar informaci\u00f3 sobre la teva visita. <\/p>\n<h3>2. Tipus de cookies que utilitzem<\/h3>\n<p>Galetes t\u00e8cniques: S\u00f3n necess\u00e0ries per al funcionament de la p\u00e0gina web i permeten la navegaci\u00f3 i l&#8217;\u00fas de les diferents opcions o serveis disponibles.<\/p>\n<p>Galetes de personalitzaci\u00f3: Permeten a l&#8217;usuari accedir al servei amb algunes caracter\u00edstiques predefinides segons una s\u00e8rie de criteris, com ara l&#8217;idioma, el tipus de navegador, etc.<\/p>\n<p>Cookies d&#8217;an\u00e0lisi: Ens permeten fer un seguiment i an\u00e0lisi del comportament dels usuaris a la nostra p\u00e0gina web, cosa que ens ajuda a millorar el nostre servei.<\/p>\n<p>Galetes publicit\u00e0ries: Gestionen la publicitat mostrada a la web i permeten mesurar l&#8217;efic\u00e0cia de les nostres campanyes.<\/p>\n<h3>3. Cookies de tercers<\/h3>\n<p>La nostra p\u00e0gina web pot utilitzar cookies de tercers, com ara serveis d&#8217;an\u00e0lisi i publicitat. Aquests tercers poden recopilar informaci\u00f3 sobre la teva activitat en l\u00ednia, tant a la nostra p\u00e0gina com a d&#8217;altres. <\/p>\n<h3>4. Gesti\u00f3 de cookies<\/h3>\n<p>Pots gestionar les teves prefer\u00e8ncies sobre galetes a trav\u00e9s de la configuraci\u00f3 del teu navegador. A continuaci\u00f3, us indiquem com fer-ho en alguns dels navegadors m\u00e9s comuns: <\/p>\n<p>Google Chrome: https:\/\/support.google.com\/chrome\/?hl=ca&amp;answer=95647#topic=7439538<br \/> Mozilla Firefox: https:\/\/support.mozilla.org\/es\/kb\/habilitar-y-deshabilitar-cookies-sitios-web-rastrear-preferencias?redirectlocale=es&amp;redirectslug=habilitar-y-deshabilitar-cookies-que-los-sitios-we<br \/> Microsoft Edge: https:\/\/www.microsoft.com\/en-us\/windows<br \/> Safari: https:\/\/support.apple.com\/guide\/safari\/manage-cookies-sfri11471\/mac<\/p>\n<p>Tingueu en compte que desactivar algunes galetes pot afectar la funcionalitat de la p\u00e0gina web.<\/p>\n<h3>5. Consentiment<\/h3>\n<p>En continuar navegant a la nostra p\u00e0gina, acceptes l&#8217;\u00fas de cookies segons all\u00f2 establert en aquesta pol\u00edtica. Si no hi esteu d&#8217;acord, podeu canviar la configuraci\u00f3 de cookies al vostre navegador o abandonar la p\u00e0gina. <\/p>\n<h3>6. Canvis a la Pol\u00edtica de Cookies<\/h3>\n<p>Ens reservem el dret a modificar aquesta pol\u00edtica de galetes en qualsevol moment. T&#8217;informarem de qualsevol canvi significatiu mitjan\u00e7ant un av\u00eds a la nostra p\u00e0gina web. <\/p>\n<h3>7. Contacte<\/h3>\n<p>Si tens preguntes sobre la nostra pol\u00edtica de cookies, pots posar-te en contacte amb nosaltres mitjan\u00e7ant anna@terricabrasadvocat.com.<\/p>\n<p>[\/et_pb_text][\/et_pb_column][\/et_pb_row][\/et_pb_section][et_pb_section fb_built=&#8221;1&#8243; admin_label=&#8221;Footer \u2013 CTA&#8221; _builder_version=&#8221;4.27.3&#8243; _module_preset=&#8221;default&#8221; use_background_color_gradient=&#8221;on&#8221; background_color_gradient_stops=&#8221;rgba(255,255,255,0) 50%|#c4c4c6 50%&#8221; custom_padding=&#8221;41px||10px||false|false&#8221; global_module=&#8221;406&#8243; saved_tabs=&#8221;all&#8221; locked=&#8221;off&#8221; collapsed=&#8221;on&#8221; global_colors_info=&#8221;{%22gcid-67960745-cc0c-4d73-b86b-ef2d6023be78%22:%91%22background_color%22%93}&#8221;][et_pb_row _builder_version=&#8221;4.27.3&#8243; _module_preset=&#8221;259680e9-56f8-40a6-acdb-3571f2d27eb2&#8243; background_image=&#8221;https:\/\/terricabrasadvocat.com\/wp-content\/uploads\/2024\/11\/AnnaTerricabras_1-33_1600x1066.jpg&#8221; parallax=&#8221;on&#8221; custom_padding=&#8221;4vw|60px|4vw|60px|true|true&#8221; border_radii=&#8221;on|10px|10px|10px|10px&#8221; global_colors_info=&#8221;{}&#8221;][et_pb_column type=&#8221;4_4&#8243; _builder_version=&#8221;4.20.0&#8243; _module_preset=&#8221;default&#8221; global_colors_info=&#8221;{}&#8221;][et_pb_heading title=&#8221;Necessites assessorament legal?&#8221; _builder_version=&#8221;4.27.3&#8243; _module_preset=&#8221;51ed0ce0-cf99-49a9-8612-7d8893741b67&#8243; title_level=&#8221;h3&#8243; title_text_align=&#8221;center&#8221; title_text_color=&#8221;#FFFFFF&#8221; title_font_size=&#8221;50px&#8221; global_colors_info=&#8221;{}&#8221;][\/et_pb_heading][et_pb_button button_url=&#8221;@ET-DC@eyJkeW5hbWljIjp0cnVlLCJjb250ZW50IjoicG9zdF9saW5rX3VybF9wYWdlIiwic2V0dGluZ3MiOnsicG9zdF9pZCI6IjE0MiJ9fQ==@&#8221; button_text=&#8221;Contactar&#8221; button_alignment=&#8221;center&#8221; _builder_version=&#8221;4.27.3&#8243; _dynamic_attributes=&#8221;button_url&#8221; _module_preset=&#8221;d22367c6-d397-4295-99e1-353d01bd1e31&#8243; button_border_radius=&#8221;10px&#8221; global_colors_info=&#8221;{}&#8221;][\/et_pb_button][\/et_pb_column][\/et_pb_row][\/et_pb_section]<\/p>\n","protected":false},"excerpt":{"rendered":"<p>Darrera actualitzaci\u00f3: Octubre 2024 A Terricabras Advocat, utilitzem cookies per millorar la teva experi\u00e8ncia a la nostra p\u00e0gina web https:\/\/terricabrasadvocat.com\/. Aquesta pol\u00edtica de galetes explica qu\u00e8 s\u00f3n les galetes, com les utilitzem i com les pots gestionar. 1. Qu\u00e8 s\u00f3n les galetes? Les cookies s\u00f3n petits arxius de text que s&#8217;emmagatzemen al dispositiu (ordinador, m\u00f2bil, [&hellip;]<\/p>\n","protected":false},"author":1,"featured_media":0,"parent":0,"menu_order":0,"comment_status":"closed","ping_status":"closed","template":"","meta":{"_et_pb_use_builder":"on","_et_pb_old_content":"","_et_gb_content_width":"","footnotes":""},"class_list":["post-940","page","type-page","status-publish","hentry"],"_links":{"self":[{"href":"https:\/\/terricabrasadvocat.com\/ca\/wp-json\/wp\/v2\/pages\/940","targetHints":{"allow":["GET"]}}],"collection":[{"href":"https:\/\/terricabrasadvocat.com\/ca\/wp-json\/wp\/v2\/pages"}],"about":[{"href":"https:\/\/terricabrasadvocat.com\/ca\/wp-json\/wp\/v2\/types\/page"}],"author":[{"embeddable":true,"href":"https:\/\/terricabrasadvocat.com\/ca\/wp-json\/wp\/v2\/users\/1"}],"replies":[{"embeddable":true,"href":"https:\/\/terricabrasadvocat.com\/ca\/wp-json\/wp\/v2\/comments?post=940"}],"version-history":[{"count":4,"href":"https:\/\/terricabrasadvocat.com\/ca\/wp-json\/wp\/v2\/pages\/940\/revisions"}],"predecessor-version":[{"id":1391,"href":"https:\/\/terricabrasadvocat.com\/ca\/wp-json\/wp\/v2\/pages\/940\/revisions\/1391"}],"wp:attachment":[{"href":"https:\/\/terricabrasadvocat.com\/ca\/wp-json\/wp\/v2\/media?parent=940"}],"curies":[{"name":"wp","href":"https:\/\/api.w.org\/{rel}","templated":true}]}}