{"id":936,"date":"2025-01-15T16:52:16","date_gmt":"2025-01-15T16:52:16","guid":{"rendered":"https:\/\/annadev.gironawebmarketing.com\/politica-de-privadesa\/"},"modified":"2026-01-08T15:53:30","modified_gmt":"2026-01-08T15:53:30","slug":"politica-de-privadesa","status":"publish","type":"page","link":"https:\/\/terricabrasadvocat.com\/ca\/politica-de-privadesa\/","title":{"rendered":"Pol\u00edtica de Privadesa"},"content":{"rendered":"<p>[et_pb_section fb_built=&#8221;1&#8243; fullwidth=&#8221;on&#8221; _builder_version=&#8221;4.27.3&#8243; _module_preset=&#8221;default&#8221; global_colors_info=&#8221;{}&#8221;][et_pb_fullwidth_header text_orientation=&#8221;center&#8221; header_scroll_down=&#8221;off&#8221; background_overlay_color=&#8221;#4d4d4d&#8221; _builder_version=&#8221;4.27.3&#8243; _module_preset=&#8221;default&#8221; background_enable_color=&#8221;off&#8221; background_enable_image=&#8221;off&#8221; custom_padding=&#8221;0vw||0vw||true|false&#8221; global_colors_info=&#8221;{}&#8221;][\/et_pb_fullwidth_header][\/et_pb_section][et_pb_section fb_built=&#8221;1&#8243; admin_label=&#8221;Contact&#8221; _builder_version=&#8221;4.20.0&#8243; _module_preset=&#8221;default&#8221; collapsed=&#8221;off&#8221; global_colors_info=&#8221;{%22gcid-67960745-cc0c-4d73-b86b-ef2d6023be78%22:%91%22background_color%22%93}&#8221;][et_pb_row make_equal=&#8221;on&#8221; _builder_version=&#8221;4.27.0&#8243; _module_preset=&#8221;default&#8221; custom_margin=&#8221;||0px||false|false&#8221; global_colors_info=&#8221;{}&#8221;][et_pb_column type=&#8221;4_4&#8243; _builder_version=&#8221;4.20.0&#8243; _module_preset=&#8221;default&#8221; global_colors_info=&#8221;{}&#8221;][et_pb_heading title=&#8221;Pol\u00edtica de Privadesa&#8221; _builder_version=&#8221;4.27.3&#8243; _module_preset=&#8221;ddeb8c09-9078-4424-bc15-2efb6572e28e&#8221; global_colors_info=&#8221;{}&#8221; title__hover_enabled=&#8221;on|desktop&#8221; title__hover=&#8221;Pol\u00edtica de Privacidad&#8221;][\/et_pb_heading][\/et_pb_column][\/et_pb_row][et_pb_row make_equal=&#8221;on&#8221; _builder_version=&#8221;4.27.3&#8243; _module_preset=&#8221;default&#8221; custom_margin=&#8221;||0px||false|false&#8221; global_colors_info=&#8221;{}&#8221;][et_pb_column type=&#8221;4_4&#8243; _builder_version=&#8221;4.27.3&#8243; _module_preset=&#8221;default&#8221; global_colors_info=&#8221;{}&#8221;][et_pb_text _builder_version=&#8221;4.27.5&#8243; _module_preset=&#8221;004f7fce-e47a-444c-bcdc-65a77689575d&#8221; text_orientation=&#8221;justified&#8221; hover_enabled=&#8221;0&#8243; locked=&#8221;off&#8221; global_colors_info=&#8221;{}&#8221; sticky_enabled=&#8221;0&#8243;]<\/p>\n<p><strong>Darrera actualitzaci\u00f3: Octubre 2024<\/strong><\/p>\n<p>A Terricabras Advocat, ens comprometem a protegir i respectar la teva privadesa. Esta pol\u00edtica de privacidad explica c\u00f3mo recopilamos, utilizamos y protegemos tus datos personales en relaci\u00f3n con nuestra p\u00e1gina web [URL de la p\u00e1gina].<\/p>\n<h2>1. Responsable del Tractament de Dades<\/h2>\n<p>El responsable del tractament de les teves dades personals \u00e9s Anna Terricabras Miarons, amb CIF 43.631.007-F, i domicili al carrer dels Pescadors, 55, entres\u00f2l, 17480 \u2013 Roses (Girona), Espanya. Pots contactar amb nosaltres mitjan\u00e7ant anna@terricabrasadvocat.com.<\/p>\n<h2>2. Dades que Recopilem<\/h2>\n<p>Recopilem diferents tipus d&#8217;informaci\u00f3, incloent-hi:<\/p>\n<p>Dades didentificaci\u00f3: nom, cognoms, adre\u00e7a de correu electr\u00f2nic, tel\u00e8fon.<br \/> Dades de navegaci\u00f3: adre\u00e7a IP, tipus de navegador, temps dacc\u00e9s, p\u00e0gines visitades.<\/p>\n<h2>3. Finalitats del Tractament<\/h2>\n<p>Les teves dades personals seran tractades amb les finalitats seg\u00fcents:<\/p>\n<p>Gestionar i respondre les teves consultes i sol\u00b7licituds.<br \/> Envieu-vos informaci\u00f3 sobre els nostres serveis i novetats, si heu donat el vostre consentiment.<br \/> Realitzar an\u00e0lisis estad\u00edstiques sobre l&#8217;\u00fas de la web.<\/p>\n<h2>4. Legitimaci\u00f3 del Tractament<\/h2>\n<p>El tractament de les teves dades es basa en:<\/p>\n<p>L&#8217;execuci\u00f3 d&#8217;un contracte en el cas que hagis contractat els nostres serveis.<br \/> El teu consentiment per enviar comunicacions comercials.<br \/> El nostre inter\u00e8s leg\u00edtim a millorar la nostra p\u00e0gina web i serveis.<\/p>\n<h2>5. Destinataris de les Dades<\/h2>\n<p>No cedirem les teves dades personals a tercers, excepte obligaci\u00f3 legal o amb el teu consentiment expr\u00e9s.<\/p>\n<h2>6. Drets de l&#8217;Usuari<\/h2>\n<p>Tens dret a:<\/p>\n<p>Accedir a les vostres dades personals.<br \/> Rectificar dades inexactes.<br \/> Sol\u00b7licitar la supressi\u00f3 de les teves dades.<br \/> Oposar-te al tractament de les teves dades.<br \/> Sol\u00b7licitar la portabilitat de les teves dades.<br \/> Limitar el tractament de les dades.<\/p>\n<p>Per exercir aquests drets, ens pots enviar un correu a [correu electr\u00f2nic de contacte].<\/p>\n<h2>7. Seguretat de les Dades<\/h2>\n<p>Implementem les mesures de seguretat adequades per protegir les dades personals contra l&#8217;acc\u00e9s no autoritzat, la divulgaci\u00f3 o la destrucci\u00f3.<\/p>\n<h2>8. Canvis a la Pol\u00edtica de Privadesa<\/h2>\n<p>Ens reservem el dret a modificar aquesta pol\u00edtica de privadesa en qualsevol moment. T&#8217;informarem de qualsevol canvi significatiu mitjan\u00e7ant un av\u00eds a la nostra p\u00e0gina web.<\/p>\n<h2>9. Contacte<\/h2>\n<p>Si tens preguntes sobre aquesta pol\u00edtica de privadesa, pots contactar-nos a anna@terricabrasadvocat.com.<\/p>\n<p>[\/et_pb_text][\/et_pb_column][\/et_pb_row][\/et_pb_section][et_pb_section fb_built=&#8221;1&#8243; admin_label=&#8221;Footer \u2013 CTA&#8221; _builder_version=&#8221;4.27.5&#8243; _module_preset=&#8221;default&#8221; use_background_color_gradient=&#8221;on&#8221; background_color_gradient_stops=&#8221;rgba(255,255,255,0) 50%|gcid-0eab7250-4fdd-4844-910e-4c3bd4e4f2ac 50%&#8221; custom_padding=&#8221;41px||10px||false|false&#8221; global_module=&#8221;406&#8243; saved_tabs=&#8221;all&#8221; locked=&#8221;off&#8221; collapsed=&#8221;on&#8221; global_colors_info=&#8221;{%22gcid-67960745-cc0c-4d73-b86b-ef2d6023be78%22:%91%22background_color%22%93}&#8221;][et_pb_row _builder_version=&#8221;4.27.3&#8243; _module_preset=&#8221;259680e9-56f8-40a6-acdb-3571f2d27eb2&#8243; background_image=&#8221;https:\/\/terricabrasadvocat.com\/wp-content\/uploads\/2024\/11\/AnnaTerricabras_1-33_1600x1066.jpg&#8221; parallax=&#8221;on&#8221; custom_padding=&#8221;4vw|60px|4vw|60px|true|true&#8221; border_radii=&#8221;on|10px|10px|10px|10px&#8221; global_colors_info=&#8221;{}&#8221;][et_pb_column type=&#8221;4_4&#8243; _builder_version=&#8221;4.20.0&#8243; _module_preset=&#8221;default&#8221; global_colors_info=&#8221;{}&#8221;][et_pb_heading title=&#8221;Necessites assessorament legal?&#8221; _builder_version=&#8221;4.27.3&#8243; _module_preset=&#8221;51ed0ce0-cf99-49a9-8612-7d8893741b67&#8243; title_level=&#8221;h3&#8243; title_text_align=&#8221;center&#8221; title_text_color=&#8221;#FFFFFF&#8221; title_font_size=&#8221;50px&#8221; global_colors_info=&#8221;{}&#8221;][\/et_pb_heading][et_pb_button button_url=&#8221;@ET-DC@eyJkeW5hbWljIjp0cnVlLCJjb250ZW50IjoicG9zdF9saW5rX3VybF9wYWdlIiwic2V0dGluZ3MiOnsicG9zdF9pZCI6IjE0MiIsImVuYWJsZV9odG1sIjoib2ZmIn19@&#8221; button_text=&#8221;Contactar&#8221; button_alignment=&#8221;center&#8221; _builder_version=&#8221;4.27.3&#8243; _dynamic_attributes=&#8221;button_url&#8221; _module_preset=&#8221;d22367c6-d397-4295-99e1-353d01bd1e31&#8243; button_border_radius=&#8221;10px&#8221; global_colors_info=&#8221;{}&#8221;][\/et_pb_button][\/et_pb_column][\/et_pb_row][\/et_pb_section]<\/p>\n","protected":false},"excerpt":{"rendered":"<p>Darrera actualitzaci\u00f3: Octubre 2024 A Terricabras Advocat, ens comprometem a protegir i respectar la teva privadesa. Esta pol\u00edtica de privacidad explica c\u00f3mo recopilamos, utilizamos y protegemos tus datos personales en relaci\u00f3n con nuestra p\u00e1gina web [URL de la p\u00e1gina]. 1. Responsable del Tractament de Dades El responsable del tractament de les teves dades personals \u00e9s [&hellip;]<\/p>\n","protected":false},"author":1,"featured_media":0,"parent":0,"menu_order":0,"comment_status":"closed","ping_status":"closed","template":"","meta":{"_et_pb_use_builder":"on","_et_pb_old_content":"","_et_gb_content_width":"","footnotes":""},"class_list":["post-936","page","type-page","status-publish","hentry"],"_links":{"self":[{"href":"https:\/\/terricabrasadvocat.com\/ca\/wp-json\/wp\/v2\/pages\/936","targetHints":{"allow":["GET"]}}],"collection":[{"href":"https:\/\/terricabrasadvocat.com\/ca\/wp-json\/wp\/v2\/pages"}],"about":[{"href":"https:\/\/terricabrasadvocat.com\/ca\/wp-json\/wp\/v2\/types\/page"}],"author":[{"embeddable":true,"href":"https:\/\/terricabrasadvocat.com\/ca\/wp-json\/wp\/v2\/users\/1"}],"replies":[{"embeddable":true,"href":"https:\/\/terricabrasadvocat.com\/ca\/wp-json\/wp\/v2\/comments?post=936"}],"version-history":[{"count":4,"href":"https:\/\/terricabrasadvocat.com\/ca\/wp-json\/wp\/v2\/pages\/936\/revisions"}],"predecessor-version":[{"id":1604,"href":"https:\/\/terricabrasadvocat.com\/ca\/wp-json\/wp\/v2\/pages\/936\/revisions\/1604"}],"wp:attachment":[{"href":"https:\/\/terricabrasadvocat.com\/ca\/wp-json\/wp\/v2\/media?parent=936"}],"curies":[{"name":"wp","href":"https:\/\/api.w.org\/{rel}","templated":true}]}}