{"id":912,"date":"2025-01-15T16:46:49","date_gmt":"2025-01-15T16:46:49","guid":{"rendered":"https:\/\/annadev.gironawebmarketing.com\/avis-legal\/"},"modified":"2025-02-13T09:43:59","modified_gmt":"2025-02-13T09:43:59","slug":"avis-legal","status":"publish","type":"page","link":"https:\/\/terricabrasadvocat.com\/ca\/avis-legal\/","title":{"rendered":"Av\u00eds Legal"},"content":{"rendered":"<p>[et_pb_section fb_built=&#8221;1&#8243; fullwidth=&#8221;on&#8221; _builder_version=&#8221;4.27.3&#8243; _module_preset=&#8221;default&#8221; global_colors_info=&#8221;{}&#8221;][et_pb_fullwidth_header text_orientation=&#8221;center&#8221; header_scroll_down=&#8221;off&#8221; background_overlay_color=&#8221;#4d4d4d&#8221; _builder_version=&#8221;4.27.3&#8243; _module_preset=&#8221;default&#8221; background_enable_color=&#8221;off&#8221; background_enable_image=&#8221;off&#8221; custom_padding=&#8221;0vw||0vw||true|false&#8221; global_colors_info=&#8221;{}&#8221;][\/et_pb_fullwidth_header][\/et_pb_section][et_pb_section fb_built=&#8221;1&#8243; admin_label=&#8221;Contact&#8221; _builder_version=&#8221;4.20.0&#8243; _module_preset=&#8221;default&#8221; collapsed=&#8221;off&#8221; global_colors_info=&#8221;{%22gcid-67960745-cc0c-4d73-b86b-ef2d6023be78%22:%91%22background_color%22%93}&#8221;][et_pb_row make_equal=&#8221;on&#8221; _builder_version=&#8221;4.27.0&#8243; _module_preset=&#8221;default&#8221; custom_margin=&#8221;||0px||false|false&#8221; global_colors_info=&#8221;{}&#8221;][et_pb_column type=&#8221;4_4&#8243; _builder_version=&#8221;4.20.0&#8243; _module_preset=&#8221;default&#8221; global_colors_info=&#8221;{}&#8221;][et_pb_heading title=&#8221;Av\u00eds Legal&#8221; _builder_version=&#8221;4.27.3&#8243; _module_preset=&#8221;ddeb8c09-9078-4424-bc15-2efb6572e28e&#8221; global_colors_info=&#8221;{}&#8221;][\/et_pb_heading][\/et_pb_column][\/et_pb_row][et_pb_row make_equal=&#8221;on&#8221; _builder_version=&#8221;4.27.3&#8243; _module_preset=&#8221;default&#8221; custom_margin=&#8221;||0px||false|false&#8221; global_colors_info=&#8221;{}&#8221;][et_pb_column type=&#8221;4_4&#8243; _builder_version=&#8221;4.27.3&#8243; _module_preset=&#8221;default&#8221; global_colors_info=&#8221;{}&#8221;][et_pb_text _builder_version=&#8221;4.27.3&#8243; _module_preset=&#8221;004f7fce-e47a-444c-bcdc-65a77689575d&#8221; text_orientation=&#8221;justified&#8221; locked=&#8221;off&#8221; global_colors_info=&#8221;{}&#8221;]<\/p>\n<h3>1. Informaci\u00f3 General<\/h3>\n<p>Aquesta p\u00e0gina web, Terricabras Advocat, est\u00e0 gestionada per Anna Terricabras Miarons, amb CIF 43.631.007-F i domicili al carrer dels Pescadors, n\u00famero 55, entres\u00f2l, Roses (Girona), Espanya.<\/p>\n<h3>2. Propietat Intel\u00b7lectual<\/h3>\n<p>Tots els continguts d&#8217;aquesta p\u00e0gina web, incloent-hi textos, imatges, gr\u00e0fics, logotips, icones i disseny gr\u00e0fic, s\u00f3n propietat d&#8217;Anna Terricabras Miarons o de tercers que n&#8217;han autoritzat l&#8217;\u00fas. Queda prohibida la reproducci\u00f3 total o parcial dels continguts sense el consentiment expr\u00e9s d&#8217;Anna Terricabras Miarons.<\/p>\n<h3>3. Responsabilitat<\/h3>\n<p>Anna Terricabras Miarons no es fa responsable dels danys i perjudicis que puguin derivar-se de l&#8217;\u00fas incorrecte de la p\u00e0gina web o de la informaci\u00f3 que cont\u00e9. La informaci\u00f3 proporcionada a aquesta p\u00e0gina \u00e9s merament informativa i no substitueix l&#8217;assessoria professional.<\/p>\n<h3>4. Protecci\u00f3 de Dades<\/h3>\n<p>Anna Terricabras Miarons es compromet a protegir la privadesa dels seus usuaris ia complir amb la normativa vigent en mat\u00e8ria de protecci\u00f3 de dades. Per a m\u00e9s informaci\u00f3, consulta la nostra pol\u00edtica de privadesa.<\/p>\n<h3>5. Enlla\u00e7os a Tercers<\/h3>\n<p>Aquesta p\u00e0gina pot contenir enlla\u00e7os a altres llocs web que no s\u00f3n gestionats per Anna Terricabras Miarons. No assumim cap responsabilitat pel contingut d&#8217;aquests llocs.<\/p>\n<h3>6. Modificacions<\/h3>\n<p>Anna Terricabras Miarons es reserva el dret a modificar aquest av\u00eds legal en qualsevol moment. Es recomana revisar aquest av\u00eds de manera peri\u00f2dica.<\/p>\n<h3>7. Legislaci\u00f3 Aplicable<\/h3>\n<p>Aquest av\u00eds legal s&#8217;ha de regir i interpretar d&#8217;acord amb la legislaci\u00f3 vigent a Espanya.<\/p>\n<p>Per a qualsevol consulta relacionada amb l&#8217;av\u00eds legal, podeu posar-vos en contacte amb nosaltres a trav\u00e9s d&#8217;anna@terricabrasadvocat.com.<\/p>\n<p>[\/et_pb_text][\/et_pb_column][\/et_pb_row][\/et_pb_section][et_pb_section fb_built=&#8221;1&#8243; admin_label=&#8221;Footer \u2013 CTA&#8221; _builder_version=&#8221;4.27.3&#8243; _module_preset=&#8221;default&#8221; use_background_color_gradient=&#8221;on&#8221; background_color_gradient_stops=&#8221;rgba(255,255,255,0) 50%|#c4c4c6 50%&#8221; custom_padding=&#8221;41px||10px||false|false&#8221; global_module=&#8221;406&#8243; saved_tabs=&#8221;all&#8221; locked=&#8221;off&#8221; collapsed=&#8221;on&#8221; global_colors_info=&#8221;{%22gcid-67960745-cc0c-4d73-b86b-ef2d6023be78%22:%91%22background_color%22%93}&#8221;][et_pb_row _builder_version=&#8221;4.27.3&#8243; _module_preset=&#8221;259680e9-56f8-40a6-acdb-3571f2d27eb2&#8243; background_image=&#8221;https:\/\/terricabrasadvocat.com\/wp-content\/uploads\/2024\/11\/AnnaTerricabras_1-33_1600x1066.jpg&#8221; parallax=&#8221;on&#8221; custom_padding=&#8221;4vw|60px|4vw|60px|true|true&#8221; border_radii=&#8221;on|10px|10px|10px|10px&#8221; global_colors_info=&#8221;{}&#8221;][et_pb_column type=&#8221;4_4&#8243; _builder_version=&#8221;4.20.0&#8243; _module_preset=&#8221;default&#8221; global_colors_info=&#8221;{}&#8221;][et_pb_heading title=&#8221;Necessites assessorament legal?&#8221; _builder_version=&#8221;4.27.3&#8243; _module_preset=&#8221;51ed0ce0-cf99-49a9-8612-7d8893741b67&#8243; title_level=&#8221;h3&#8243; title_text_align=&#8221;center&#8221; title_text_color=&#8221;#FFFFFF&#8221; title_font_size=&#8221;50px&#8221; global_colors_info=&#8221;{}&#8221;][\/et_pb_heading][et_pb_button button_url=&#8221;@ET-DC@eyJkeW5hbWljIjp0cnVlLCJjb250ZW50IjoicG9zdF9saW5rX3VybF9wYWdlIiwic2V0dGluZ3MiOnsicG9zdF9pZCI6IjE0MiJ9fQ==@&#8221; button_text=&#8221;Contactar&#8221; button_alignment=&#8221;center&#8221; _builder_version=&#8221;4.27.3&#8243; _dynamic_attributes=&#8221;button_url&#8221; _module_preset=&#8221;d22367c6-d397-4295-99e1-353d01bd1e31&#8243; button_border_radius=&#8221;10px&#8221; global_colors_info=&#8221;{}&#8221;][\/et_pb_button][\/et_pb_column][\/et_pb_row][\/et_pb_section]<\/p>\n","protected":false},"excerpt":{"rendered":"<p>1. Informaci\u00f3 General Aquesta p\u00e0gina web, Terricabras Advocat, est\u00e0 gestionada per Anna Terricabras Miarons, amb CIF 43.631.007-F i domicili al carrer dels Pescadors, n\u00famero 55, entres\u00f2l, Roses (Girona), Espanya. 2. Propietat Intel\u00b7lectual Tots els continguts d&#8217;aquesta p\u00e0gina web, incloent-hi textos, imatges, gr\u00e0fics, logotips, icones i disseny gr\u00e0fic, s\u00f3n propietat d&#8217;Anna Terricabras Miarons o de tercers [&hellip;]<\/p>\n","protected":false},"author":1,"featured_media":0,"parent":0,"menu_order":0,"comment_status":"closed","ping_status":"closed","template":"","meta":{"_et_pb_use_builder":"on","_et_pb_old_content":"","_et_gb_content_width":"","footnotes":""},"class_list":["post-912","page","type-page","status-publish","hentry"],"_links":{"self":[{"href":"https:\/\/terricabrasadvocat.com\/ca\/wp-json\/wp\/v2\/pages\/912","targetHints":{"allow":["GET"]}}],"collection":[{"href":"https:\/\/terricabrasadvocat.com\/ca\/wp-json\/wp\/v2\/pages"}],"about":[{"href":"https:\/\/terricabrasadvocat.com\/ca\/wp-json\/wp\/v2\/types\/page"}],"author":[{"embeddable":true,"href":"https:\/\/terricabrasadvocat.com\/ca\/wp-json\/wp\/v2\/users\/1"}],"replies":[{"embeddable":true,"href":"https:\/\/terricabrasadvocat.com\/ca\/wp-json\/wp\/v2\/comments?post=912"}],"version-history":[{"count":8,"href":"https:\/\/terricabrasadvocat.com\/ca\/wp-json\/wp\/v2\/pages\/912\/revisions"}],"predecessor-version":[{"id":1383,"href":"https:\/\/terricabrasadvocat.com\/ca\/wp-json\/wp\/v2\/pages\/912\/revisions\/1383"}],"wp:attachment":[{"href":"https:\/\/terricabrasadvocat.com\/ca\/wp-json\/wp\/v2\/media?parent=912"}],"curies":[{"name":"wp","href":"https:\/\/api.w.org\/{rel}","templated":true}]}}